{"id":314,"date":"2020-01-27T08:29:32","date_gmt":"2020-01-27T08:29:32","guid":{"rendered":"https:\/\/demosites.io\/web-agency-gb\/?page_id=75"},"modified":"2021-07-27T16:16:10","modified_gmt":"2021-07-27T14:16:10","slug":"15c42-web-agency-gb-contact-us","status":"publish","type":"page","link":"http:\/\/nihon-go.net\/?page_id=314","title":{"rendered":"Contactez-nous !"},"content":{"rendered":"\n<div class=\"wp-block-cover alignfull has-nv-site-bg-background-color has-background-dim\" style=\"min-height:300px;aspect-ratio:unset;\"><div class=\"wp-block-cover__inner-container is-layout-flow wp-block-cover-is-layout-flow\">\n<div class=\"wp-block-group\"><div class=\"wp-block-group__inner-container is-layout-flow wp-block-group-is-layout-flow\">\n<h1 class=\"has-text-align-left has-neve-text-color-color has-text-color wp-block-heading\">Et n<strong>&lsquo;h\u00e9sitez pas \u00e0 nous poser vos questions<\/strong> !<\/h1>\n<\/div><\/div>\n<\/div><\/div>\n\n\n\n<div class=\"wp-block-cover alignfull has-nv-light-bg-background-color has-background-dim\" style=\"min-height:420px;aspect-ratio:unset;\"><div class=\"wp-block-cover__inner-container is-layout-flow wp-block-cover-is-layout-flow\">\n<div style=\"height:80px\" aria-hidden=\"true\" class=\"wp-block-spacer\"><\/div>\n\n\n\n<div class=\"wp-block-columns is-layout-flex wp-container-core-columns-is-layout-9d6595d7 wp-block-columns-is-layout-flex\">\n<div class=\"wp-block-column ticss-4ce656f1 is-layout-flow wp-block-column-is-layout-flow\">\n<div style=\"height:24px\" aria-hidden=\"true\" class=\"wp-block-spacer\"><\/div>\n\n\n\n<div class=\"wp-block-image\"><figure class=\"aligncenter size-full\"><img loading=\"lazy\" decoding=\"async\" width=\"56\" height=\"55\" src=\"http:\/\/nihon-go.net\/wp-content\/uploads\/2021\/07\/face-2.png\" alt=\"\" class=\"wp-image-323\"\/><\/figure><\/div>\n\n\n\n<h3 class=\"has-text-align-center has-neve-text-color-color has-text-color wp-block-heading\">Facebook<\/h3>\n\n\n\n<p class=\"has-text-align-center has-neve-text-color-color has-text-color\" style=\"font-size:15px\"><a href=\"https:\/\/www.facebook.com\/nihon.go.asso\/\" data-type=\"URL\" data-id=\"https:\/\/www.facebook.com\/nihon.go.asso\/\">facebook.com\/nihon.go.asso\/<\/a><\/p>\n\n\n\n<div style=\"height:24px\" aria-hidden=\"true\" class=\"wp-block-spacer\"><\/div>\n<\/div>\n\n\n\n<div class=\"wp-block-column ticss-f6fc7494 is-layout-flow wp-block-column-is-layout-flow\">\n<div style=\"height:24px\" aria-hidden=\"true\" class=\"wp-block-spacer\"><\/div>\n\n\n\n<div class=\"wp-block-image icon-style is-style-default\"><figure class=\"aligncenter size-large\"><img decoding=\"async\" src=\"http:\/\/nihon-go.net\/wp-content\/uploads\/2021\/06\/email-sm.png\" alt=\"\" class=\"wp-image-306\"\/><\/figure><\/div>\n\n\n\n<h3 class=\"has-text-align-center has-neve-text-color-color has-text-color wp-block-heading\">Email<\/h3>\n\n\n\n<p class=\"has-text-align-center has-neve-text-color-color has-text-color\" style=\"font-size:15px\"><a href=\"mailto:contact@nihon-go.net\" target=\"_blank\" rel=\"noreferrer noopener\">contact@nihon-go.net<\/a><\/p>\n\n\n\n<div style=\"height:24px\" aria-hidden=\"true\" class=\"wp-block-spacer\"><\/div>\n<\/div>\n<\/div>\n\n\n\n<div style=\"height:30px\" aria-hidden=\"true\" class=\"wp-block-spacer\"><\/div>\n<\/div><\/div>\n\n\n\n<div class=\"wp-block-cover alignfull has-nv-dark-bg-background-color has-background-dim\" style=\"min-height:600px;aspect-ratio:unset;\"><div class=\"wp-block-cover__inner-container is-layout-flow wp-block-cover-is-layout-flow\">\n<div class=\"wp-block-group\"><div class=\"wp-block-group__inner-container is-layout-flow wp-block-group-is-layout-flow\">\n<div style=\"height:80px\" aria-hidden=\"true\" class=\"wp-block-spacer\"><\/div>\n\n\n\n<div class=\"wp-block-columns is-layout-flex wp-container-core-columns-is-layout-9d6595d7 wp-block-columns-is-layout-flex\">\n<div class=\"wp-block-column is-layout-flow wp-block-column-is-layout-flow\" style=\"flex-basis:50%\">\n<h2 class=\"has-nv-text-dark-bg-color has-text-color wp-block-heading\">Envoyez-nous un message<\/h2>\n\n\n\n<p class=\"has-white-color has-text-color\">Nous serons heureux de r\u00e9pondre \u00e0 vos questions sur l&rsquo;apprentissage du japonais \u00e0 Paris.<\/p>\n<\/div>\n\n\n\n<div class=\"wp-block-column is-layout-flow wp-block-column-is-layout-flow\">\n<figure class=\"wp-block-image size-large\"><img loading=\"lazy\" decoding=\"async\" width=\"856\" height=\"228\" src=\"http:\/\/nihon-go.net\/wp-content\/uploads\/2021\/07\/Capture-de\u0301cran-2021-07-27-a\u0300-14.16.42-1.png\" alt=\"\" class=\"wp-image-332\" srcset=\"http:\/\/nihon-go.net\/wp-content\/uploads\/2021\/07\/Capture-de\u0301cran-2021-07-27-a\u0300-14.16.42-1.png 856w, http:\/\/nihon-go.net\/wp-content\/uploads\/2021\/07\/Capture-de\u0301cran-2021-07-27-a\u0300-14.16.42-1-300x80.png 300w, http:\/\/nihon-go.net\/wp-content\/uploads\/2021\/07\/Capture-de\u0301cran-2021-07-27-a\u0300-14.16.42-1-768x205.png 768w\" sizes=\"auto, (max-width: 856px) 100vw, 856px\" \/><\/figure>\n<\/div>\n\n\n\n<div class=\"wp-block-column is-vertically-aligned-center is-layout-flow wp-block-column-is-layout-flow\" style=\"flex-basis:50%\">\n<figure class=\"wp-block-image size-full\"><img loading=\"lazy\" decoding=\"async\" width=\"856\" height=\"228\" src=\"http:\/\/nihon-go.net\/wp-content\/uploads\/2021\/07\/Capture-de\u0301cran-2021-07-27-a\u0300-14.16.42-1.png\" alt=\"\" class=\"wp-image-332\" srcset=\"http:\/\/nihon-go.net\/wp-content\/uploads\/2021\/07\/Capture-de\u0301cran-2021-07-27-a\u0300-14.16.42-1.png 856w, http:\/\/nihon-go.net\/wp-content\/uploads\/2021\/07\/Capture-de\u0301cran-2021-07-27-a\u0300-14.16.42-1-300x80.png 300w, http:\/\/nihon-go.net\/wp-content\/uploads\/2021\/07\/Capture-de\u0301cran-2021-07-27-a\u0300-14.16.42-1-768x205.png 768w\" sizes=\"auto, (max-width: 856px) 100vw, 856px\" \/><\/figure>\n<\/div>\n<\/div>\n\n\n\n<div style=\"height:40px\" aria-hidden=\"true\" class=\"wp-block-spacer\"><\/div>\n<\/div><\/div>\n<\/div><\/div>\n","protected":false},"excerpt":{"rendered":"","protected":false},"author":1,"featured_media":0,"parent":0,"menu_order":0,"comment_status":"closed","ping_status":"closed","template":"","meta":{"neve_meta_sidebar":"default","neve_meta_container":"default","neve_meta_enable_content_width":"off","neve_meta_content_width":53,"neve_meta_title_alignment":"","neve_meta_author_avatar":"","neve_post_elements_order":"","neve_meta_disable_header":"","neve_meta_disable_footer":"","neve_meta_disable_title":"on","footnotes":""},"class_list":["post-314","page","type-page","status-publish","hentry"],"_links":{"self":[{"href":"http:\/\/nihon-go.net\/index.php?rest_route=\/wp\/v2\/pages\/314","targetHints":{"allow":["GET"]}}],"collection":[{"href":"http:\/\/nihon-go.net\/index.php?rest_route=\/wp\/v2\/pages"}],"about":[{"href":"http:\/\/nihon-go.net\/index.php?rest_route=\/wp\/v2\/types\/page"}],"author":[{"embeddable":true,"href":"http:\/\/nihon-go.net\/index.php?rest_route=\/wp\/v2\/users\/1"}],"replies":[{"embeddable":true,"href":"http:\/\/nihon-go.net\/index.php?rest_route=%2Fwp%2Fv2%2Fcomments&post=314"}],"version-history":[{"count":6,"href":"http:\/\/nihon-go.net\/index.php?rest_route=\/wp\/v2\/pages\/314\/revisions"}],"predecessor-version":[{"id":383,"href":"http:\/\/nihon-go.net\/index.php?rest_route=\/wp\/v2\/pages\/314\/revisions\/383"}],"wp:attachment":[{"href":"http:\/\/nihon-go.net\/index.php?rest_route=%2Fwp%2Fv2%2Fmedia&parent=314"}],"curies":[{"name":"wp","href":"https:\/\/api.w.org\/{rel}","templated":true}]}}