{"id":5,"date":"2020-01-13T11:17:52","date_gmt":"2020-01-13T10:17:52","guid":{"rendered":"https:\/\/demosites.io\/web-agency-gb\/?page_id=5"},"modified":"2021-07-27T17:06:45","modified_gmt":"2021-07-27T15:06:45","slug":"15c42-web-agency-gb-home","status":"publish","type":"page","link":"http:\/\/nihon-go.net\/","title":{"rendered":"PRATIQUER ET APPROFONDIR"},"content":{"rendered":"\n<div class=\"wp-block-cover alignfull has-nv-site-bg-background-color has-background-dim\" style=\"min-height:700px;aspect-ratio:unset;\"><img loading=\"lazy\" decoding=\"async\" width=\"2016\" height=\"1336\" class=\"wp-block-cover__image-background wp-image-345\" alt=\"\" src=\"http:\/\/nihon-go.net\/wp-content\/uploads\/2021\/07\/IMG_7690.jpg\" data-object-fit=\"cover\" srcset=\"http:\/\/nihon-go.net\/wp-content\/uploads\/2021\/07\/IMG_7690.jpg 2016w, http:\/\/nihon-go.net\/wp-content\/uploads\/2021\/07\/IMG_7690-300x199.jpg 300w, http:\/\/nihon-go.net\/wp-content\/uploads\/2021\/07\/IMG_7690-1024x679.jpg 1024w, http:\/\/nihon-go.net\/wp-content\/uploads\/2021\/07\/IMG_7690-768x509.jpg 768w, http:\/\/nihon-go.net\/wp-content\/uploads\/2021\/07\/IMG_7690-1536x1018.jpg 1536w\" sizes=\"auto, (max-width: 2016px) 100vw, 2016px\" \/><div class=\"wp-block-cover__inner-container is-layout-flow wp-block-cover-is-layout-flow\">\n<div style=\"height:80px\" aria-hidden=\"true\" class=\"wp-block-spacer\"><\/div>\n\n\n\n<h1 class=\"has-text-align-center has-text-color wp-block-heading\" style=\"color:#121212\">Cours de Japonais pour les nond\u00e9butants<\/h1>\n\n\n\n<p class=\"has-text-align-center has-text-color\" style=\"color:#121212;font-size:17px\">Nous organisons des cours de japonais \u00e0 Paris pour les non-d\u00e9butants.<\/p>\n\n\n\n<div class=\"wp-block-buttons is-content-justification-center is-layout-flex wp-block-buttons-is-layout-flex\">\n<div class=\"wp-block-button is-style-primary\"><a class=\"wp-block-button__link\" href=\"http:\/\/nihon-go.net\/?page_id=61\">lire +<\/a><\/div>\n\n\n\n<div class=\"wp-block-button is-style-secondary\"><a class=\"wp-block-button__link\" href=\"http:\/\/nihon-go.net\/?page_id=314\">contact<\/a><\/div>\n<\/div>\n\n\n\n<div style=\"height:80px\" aria-hidden=\"true\" class=\"wp-block-spacer\"><\/div>\n\n\n\n<div style=\"height:80px\" aria-hidden=\"true\" class=\"wp-block-spacer\"><\/div>\n<\/div><\/div>\n\n\n\n<div style=\"height:80px\" aria-hidden=\"true\" class=\"wp-block-spacer\"><\/div>\n\n\n\n<div class=\"wp-block-columns is-layout-flex wp-container-core-columns-is-layout-9d6595d7 wp-block-columns-is-layout-flex\">\n<div class=\"wp-block-column is-layout-flow wp-block-column-is-layout-flow\">\n<div class=\"wp-block-image icon-style is-style-rounded\"><figure class=\"aligncenter size-large\"><img decoding=\"async\" src=\"http:\/\/nihon-go.net\/wp-content\/uploads\/2020\/01\/neve-webdesign-GB-03.png\" alt=\"\" class=\"wp-image-20\" title=\"\"\/><\/figure><\/div>\n\n\n\n<h3 class=\"has-text-align-center has-neve-text-color-color has-text-color wp-block-heading\">60h\/an \u00e0 un tarif tr\u00e8s abordable<\/h3>\n\n\n\n<p class=\"has-text-align-center\">Un ensemble de 60 heures de cours de langue japonaise est dispens\u00e9 tout au long de l&rsquo;ann\u00e9e, \u00e0 raison de 2 heures par semaine le mercredi soir dans Paris.<\/p>\n\n\n\n<div style=\"height:20px\" aria-hidden=\"true\" class=\"wp-block-spacer\"><\/div>\n<\/div>\n\n\n\n<div class=\"wp-block-column is-layout-flow wp-block-column-is-layout-flow\">\n<div class=\"wp-block-image icon-style is-style-rounded\"><figure class=\"aligncenter size-large\"><img loading=\"lazy\" decoding=\"async\" width=\"72\" height=\"72\" src=\"http:\/\/nihon-go.net\/wp-content\/uploads\/2020\/01\/neve-webdesign-GB-04.png\" alt=\"\" class=\"wp-image-21\"\/><\/figure><\/div>\n\n\n\n<h3 class=\"has-text-align-center has-neve-text-color-color has-text-color wp-block-heading\">Nos professeurs japonais<\/h3>\n\n\n\n<p class=\"has-text-align-center\">Les professeurs sont tous de nationalit\u00e9 japonaise et fortement exp\u00e9riment\u00e9s dans l&rsquo;enseignement du japonais en tant que langue \u00e9trang\u00e8re.<\/p>\n\n\n\n<div style=\"height:20px\" aria-hidden=\"true\" class=\"wp-block-spacer\"><\/div>\n<\/div>\n\n\n\n<div class=\"wp-block-column is-layout-flow wp-block-column-is-layout-flow\">\n<div class=\"wp-block-image icon-style is-style-rounded\"><figure class=\"aligncenter size-large\"><img decoding=\"async\" src=\"http:\/\/nihon-go.net\/wp-content\/uploads\/2020\/01\/neve-webdesign-GB-01.png\" alt=\"\" class=\"wp-image-18\"\/><\/figure><\/div>\n\n\n\n<h3 class=\"has-text-align-center has-neve-text-color-color has-text-color wp-block-heading\">Petit effectif<\/h3>\n\n\n\n<p class=\"has-text-align-center\">Afin d&rsquo;assurer une dynamique des cours, les classes sont limit\u00e9es \u00e0 22 \u00e9l\u00e8ves.<\/p>\n\n\n\n<div style=\"height:20px\" aria-hidden=\"true\" class=\"wp-block-spacer\"><\/div>\n<\/div>\n<\/div>\n\n\n\n<div style=\"height:80px\" aria-hidden=\"true\" class=\"wp-block-spacer\"><\/div>\n\n\n\n<div class=\"wp-block-cover alignfull has-nv-light-bg-background-color has-background-dim\" style=\"min-height:600px;aspect-ratio:unset;\"><div class=\"wp-block-cover__inner-container is-layout-flow wp-block-cover-is-layout-flow\">\n<div class=\"wp-block-group\"><div class=\"wp-block-group__inner-container is-layout-flow wp-block-group-is-layout-flow\">\n<div style=\"height:80px\" aria-hidden=\"true\" class=\"wp-block-spacer\"><\/div>\n\n\n\n<div class=\"wp-block-columns are-vertically-aligned-center is-layout-flex wp-container-core-columns-is-layout-9d6595d7 wp-block-columns-is-layout-flex\">\n<div class=\"wp-block-column is-vertically-aligned-center is-layout-flow wp-block-column-is-layout-flow\" style=\"flex-basis:50%\">\n<figure class=\"wp-block-image size-full\"><img loading=\"lazy\" decoding=\"async\" width=\"800\" height=\"600\" src=\"http:\/\/nihon-go.net\/wp-content\/uploads\/2021\/07\/2016-06-29-19.31.11.jpg\" alt=\"\" class=\"wp-image-329\" srcset=\"http:\/\/nihon-go.net\/wp-content\/uploads\/2021\/07\/2016-06-29-19.31.11.jpg 800w, http:\/\/nihon-go.net\/wp-content\/uploads\/2021\/07\/2016-06-29-19.31.11-300x225.jpg 300w, http:\/\/nihon-go.net\/wp-content\/uploads\/2021\/07\/2016-06-29-19.31.11-768x576.jpg 768w\" sizes=\"auto, (max-width: 800px) 100vw, 800px\" \/><\/figure>\n<\/div>\n\n\n\n<div class=\"wp-block-column is-vertically-aligned-center is-layout-flow wp-block-column-is-layout-flow\" style=\"flex-basis:50%\">\n<div style=\"height:20px\" aria-hidden=\"true\" class=\"wp-block-spacer\"><\/div>\n\n\n\n<h2 class=\"has-text-align-left has-neve-text-color-color has-text-color wp-block-heading\">Japonais pour les \u00e9l\u00e8ves Non-d\u00e9butant<\/h2>\n\n\n\n<p class=\"has-text-align-left has-neve-text-color-color has-text-color\" style=\"font-size:17px\">Nos ateliers selon les niveaux avanc\u00e9es des \u00e9l\u00e8ves : de la connaissance \u00e0 la performance, renforcement de la spontan\u00e9it\u00e9 et de l&rsquo;aisance en communication, enrichissement du vocabulaire et des kanjis.<\/p>\n\n\n\n<div class=\"wp-block-buttons is-content-justification-left is-layout-flex wp-block-buttons-is-layout-flex\">\n<div class=\"wp-block-button is-style-primary\"><a class=\"wp-block-button__link\" href=\"http:\/\/nihon-go.net\/?page_id=61\">lire +<\/a><\/div>\n<\/div>\n<\/div>\n<\/div>\n\n\n\n<div style=\"height:40px\" aria-hidden=\"true\" class=\"wp-block-spacer\"><\/div>\n<\/div><\/div>\n<\/div><\/div>\n\n\n\n<div class=\"wp-block-cover alignfull has-nv-site-bg-background-color has-background-dim\" style=\"min-height:600px;aspect-ratio:unset;\"><div class=\"wp-block-cover__inner-container is-layout-flow wp-block-cover-is-layout-flow\">\n<div class=\"wp-block-group\"><div class=\"wp-block-group__inner-container is-layout-flow wp-block-group-is-layout-flow\">\n<div style=\"height:80px\" aria-hidden=\"true\" class=\"wp-block-spacer\"><\/div>\n\n\n\n<div class=\"wp-block-columns are-vertically-aligned-center is-layout-flex wp-container-core-columns-is-layout-9d6595d7 wp-block-columns-is-layout-flex\">\n<div class=\"wp-block-column is-vertically-aligned-center is-layout-flow wp-block-column-is-layout-flow\" style=\"flex-basis:50%\">\n<h2 class=\"has-text-align-left has-neve-text-color-color has-text-color wp-block-heading\">P\u00e9dagogique et Conviviale<\/h2>\n\n\n\n<p class=\"has-text-align-left has-neve-text-color-color has-text-color\" style=\"font-size:17px\">Le but de notre association est poursuivre et entretenir notre niveau de japonais dans une structure p\u00e9dagogique et conviviale.<\/p>\n\n\n\n<div class=\"wp-block-buttons is-content-justification-left is-layout-flex wp-block-buttons-is-layout-flex\">\n<div class=\"wp-block-button is-style-primary\"><a class=\"wp-block-button__link\" href=\"http:\/\/nihon-go.net\/?page_id=61\">lire +<\/a><\/div>\n<\/div>\n\n\n\n<div style=\"height:40px\" aria-hidden=\"true\" class=\"wp-block-spacer\"><\/div>\n<\/div>\n\n\n\n<div class=\"wp-block-column is-vertically-aligned-center is-layout-flow wp-block-column-is-layout-flow\" style=\"flex-basis:50%\">\n<figure class=\"wp-block-image size-full\"><img loading=\"lazy\" decoding=\"async\" width=\"960\" height=\"720\" src=\"http:\/\/nihon-go.net\/wp-content\/uploads\/2021\/07\/71793850_1278659968924424_2524312520794046464_n.jpg\" alt=\"\" class=\"wp-image-328\" srcset=\"http:\/\/nihon-go.net\/wp-content\/uploads\/2021\/07\/71793850_1278659968924424_2524312520794046464_n.jpg 960w, http:\/\/nihon-go.net\/wp-content\/uploads\/2021\/07\/71793850_1278659968924424_2524312520794046464_n-300x225.jpg 300w, http:\/\/nihon-go.net\/wp-content\/uploads\/2021\/07\/71793850_1278659968924424_2524312520794046464_n-768x576.jpg 768w\" sizes=\"auto, (max-width: 960px) 100vw, 960px\" \/><figcaption>Ecole rue Corbon<\/figcaption><\/figure>\n<\/div>\n<\/div>\n\n\n\n<div style=\"height:40px\" aria-hidden=\"true\" class=\"wp-block-spacer\"><\/div>\n<\/div><\/div>\n<\/div><\/div>\n\n\n\n<div class=\"wp-block-cover alignfull has-nv-dark-bg-background-color has-background-dim\" style=\"min-height:600px;aspect-ratio:unset;\"><div class=\"wp-block-cover__inner-container is-layout-flow wp-block-cover-is-layout-flow\">\n<div class=\"wp-block-group\"><div class=\"wp-block-group__inner-container is-layout-flow wp-block-group-is-layout-flow\">\n<div style=\"height:80px\" aria-hidden=\"true\" class=\"wp-block-spacer\"><\/div>\n\n\n\n<div class=\"wp-block-columns are-vertically-aligned-center is-layout-flex wp-container-core-columns-is-layout-9d6595d7 wp-block-columns-is-layout-flex\">\n<div class=\"wp-block-column is-vertically-aligned-center is-layout-flow wp-block-column-is-layout-flow\" style=\"flex-basis:50%\">\n<figure class=\"wp-block-gallery columns-1 is-cropped wp-block-gallery-1 is-layout-flex wp-block-gallery-is-layout-flex\"><ul class=\"blocks-gallery-grid\"><li class=\"blocks-gallery-item\"><figure><img loading=\"lazy\" decoding=\"async\" width=\"1024\" height=\"555\" src=\"http:\/\/nihon-go.net\/wp-content\/uploads\/2021\/07\/139393016_2247245385399206_1263716262890731153_n-1024x555.jpg\" alt=\"\" data-id=\"354\" data-full-url=\"http:\/\/nihon-go.net\/wp-content\/uploads\/2021\/07\/139393016_2247245385399206_1263716262890731153_n.jpg\" data-link=\"http:\/\/nihon-go.net\/?attachment_id=354\" class=\"wp-image-354\" srcset=\"http:\/\/nihon-go.net\/wp-content\/uploads\/2021\/07\/139393016_2247245385399206_1263716262890731153_n-1024x555.jpg 1024w, http:\/\/nihon-go.net\/wp-content\/uploads\/2021\/07\/139393016_2247245385399206_1263716262890731153_n-300x163.jpg 300w, http:\/\/nihon-go.net\/wp-content\/uploads\/2021\/07\/139393016_2247245385399206_1263716262890731153_n-768x416.jpg 768w, http:\/\/nihon-go.net\/wp-content\/uploads\/2021\/07\/139393016_2247245385399206_1263716262890731153_n-1536x832.jpg 1536w, http:\/\/nihon-go.net\/wp-content\/uploads\/2021\/07\/139393016_2247245385399206_1263716262890731153_n.jpg 1920w\" sizes=\"auto, (max-width: 1024px) 100vw, 1024px\" \/><\/figure><\/li><\/ul><\/figure>\n<\/div>\n\n\n\n<div class=\"wp-block-column is-vertically-aligned-center is-layout-flow wp-block-column-is-layout-flow\" style=\"flex-basis:50%\">\n<div style=\"height:40px\" aria-hidden=\"true\" class=\"wp-block-spacer\"><\/div>\n\n\n\n<h2 class=\"has-text-align-left has-nv-text-dark-bg-color has-text-color wp-block-heading\">Covid 19<\/h2>\n\n\n\n<p class=\"has-text-align-left has-nv-text-dark-bg-color has-text-color\" style=\"font-size:17px\">Notre association et nos professeurs ont su s&rsquo;adapter aux conditions sanitaires en 2020 et en 2021. Nos cours se sont d\u00e9roul\u00e9s en distanciel pour une partie de l&rsquo;ann\u00e9e 2020\/2021 et bient\u00f4t en pr\u00e9sentiel&#8230;<\/p>\n\n\n\n<p>Nos cours <\/p>\n\n\n\n<div class=\"wp-block-buttons is-content-justification-left is-layout-flex wp-block-buttons-is-layout-flex\">\n<div class=\"wp-block-button is-style-primary\"><a class=\"wp-block-button__link\" href=\"http:\/\/nihon-go.net\/?page_id=314\">contact<\/a><\/div>\n<\/div>\n<\/div>\n<\/div>\n\n\n\n<div style=\"height:40px\" aria-hidden=\"true\" class=\"wp-block-spacer\"><\/div>\n<\/div><\/div>\n<\/div><\/div>\n\n\n\n<div style=\"height:40px\" aria-hidden=\"true\" class=\"wp-block-spacer\"><\/div>\n\n\n\n<div class=\"wp-block-cover alignfull has-nv-site-bg-background-color has-background-dim\" style=\"min-height:600px;aspect-ratio:unset;\"><div class=\"wp-block-cover__inner-container is-layout-flow wp-block-cover-is-layout-flow\">\n<div class=\"wp-block-group\"><div class=\"wp-block-group__inner-container is-layout-flow wp-block-group-is-layout-flow\">\n<div style=\"height:80px\" aria-hidden=\"true\" class=\"wp-block-spacer\"><\/div>\n\n\n\n<h2 class=\"has-neve-text-color-color has-text-color wp-block-heading\">Travail et convivialit\u00e9 <\/h2>\n\n\n\n<div style=\"height:20px\" aria-hidden=\"true\" class=\"wp-block-spacer\"><\/div>\n\n\n\n<div class=\"wp-block-columns are-vertically-aligned-center is-layout-flex wp-container-core-columns-is-layout-9d6595d7 wp-block-columns-is-layout-flex\">\n<div class=\"wp-block-column is-vertically-aligned-center is-layout-flow wp-block-column-is-layout-flow\" style=\"flex-basis:50%\">\n<div id=\"wp-block-themeisle-blocks-slider-0aec6b58\" class=\"wp-block-themeisle-blocks-slider glide\" data-per-view=\"1\" data-gap=\"0\" data-peek=\"0\" data-autoplay=\"1000\" data-height=\"387px\" data-hide-arrows=\"true\"><div class=\"glide__track\" data-glide-el=\"track\"><div class=\"glide__slides\"><div class=\"wp-block-themeisle-blocks-slider-item-wrapper glide__slide\" tabindex=\"0\"><figure><img decoding=\"async\" class=\"wp-block-themeisle-blocks-slider-item\" src=\"http:\/\/nihon-go.net\/wp-content\/uploads\/2021\/07\/72275374_1278659815591106_128300594505973760_n.jpg\" alt=\"\" title=\"\" data-id=\"365\"\/><\/figure><\/div><div class=\"wp-block-themeisle-blocks-slider-item-wrapper glide__slide\" tabindex=\"0\"><figure><img decoding=\"async\" class=\"wp-block-themeisle-blocks-slider-item\" src=\"http:\/\/nihon-go.net\/wp-content\/uploads\/2021\/07\/asso-N8-origami-hato-1024x576.jpg\" alt=\"\" title=\"\" data-id=\"73\"\/><\/figure><\/div><div class=\"wp-block-themeisle-blocks-slider-item-wrapper glide__slide\" tabindex=\"0\"><figure><img decoding=\"async\" class=\"wp-block-themeisle-blocks-slider-item\" src=\"http:\/\/nihon-go.net\/wp-content\/uploads\/2021\/07\/71793850_1278659968924424_2524312520794046464_n.jpg\" alt=\"\" title=\"\" data-id=\"328\"\/><figcaption>Ecole rue Corbon<\/figcaption><\/figure><\/div><div class=\"wp-block-themeisle-blocks-slider-item-wrapper glide__slide\" tabindex=\"0\"><figure><img decoding=\"async\" class=\"wp-block-themeisle-blocks-slider-item\" src=\"http:\/\/nihon-go.net\/wp-content\/uploads\/2021\/07\/IMG-20210708-WA0012-1024x768.jpg\" alt=\"\" title=\"\" data-id=\"355\"\/><\/figure><\/div><div class=\"wp-block-themeisle-blocks-slider-item-wrapper glide__slide\" tabindex=\"0\"><figure><img decoding=\"async\" class=\"wp-block-themeisle-blocks-slider-item\" src=\"http:\/\/nihon-go.net\/wp-content\/uploads\/2021\/07\/71559891_1278659885591099_6997699471303770112_n.jpg\" alt=\"\" title=\"\" data-id=\"364\"\/><\/figure><\/div><div class=\"wp-block-themeisle-blocks-slider-item-wrapper glide__slide\" tabindex=\"0\"><figure><img decoding=\"async\" class=\"wp-block-themeisle-blocks-slider-item\" src=\"http:\/\/nihon-go.net\/wp-content\/uploads\/2021\/07\/139393016_2247245385399206_1263716262890731153_n-1-1024x555.jpg\" alt=\"\" title=\"\" data-id=\"358\"\/><\/figure><\/div><div class=\"wp-block-themeisle-blocks-slider-item-wrapper glide__slide\" tabindex=\"0\"><figure><img decoding=\"async\" class=\"wp-block-themeisle-blocks-slider-item\" src=\"http:\/\/nihon-go.net\/wp-content\/uploads\/2021\/07\/10015059_234586346665130_1191645703_o-1024x765.jpg\" alt=\"\" title=\"\" data-id=\"360\"\/><\/figure><\/div><div class=\"wp-block-themeisle-blocks-slider-item-wrapper glide__slide\" tabindex=\"0\"><figure><img decoding=\"async\" class=\"wp-block-themeisle-blocks-slider-item\" src=\"http:\/\/nihon-go.net\/wp-content\/uploads\/2021\/07\/209823781_2665683793555361_952227344878882637_n-1024x590.jpg\" alt=\"\" title=\"\" data-id=\"361\"\/><\/figure><\/div><div class=\"wp-block-themeisle-blocks-slider-item-wrapper glide__slide\" tabindex=\"0\"><figure><img decoding=\"async\" class=\"wp-block-themeisle-blocks-slider-item\" src=\"http:\/\/nihon-go.net\/wp-content\/uploads\/2021\/07\/2016-06-29-19.31.11.jpg\" alt=\"\" title=\"\" data-id=\"329\"\/><\/figure><\/div><div class=\"wp-block-themeisle-blocks-slider-item-wrapper glide__slide\" tabindex=\"0\"><figure><img decoding=\"async\" class=\"wp-block-themeisle-blocks-slider-item\" src=\"http:\/\/nihon-go.net\/wp-content\/uploads\/2021\/07\/IMG-20210708-WA0012-1-1024x768.jpg\" alt=\"\" title=\"\" data-id=\"359\"\/><\/figure><\/div><div class=\"wp-block-themeisle-blocks-slider-item-wrapper glide__slide\" tabindex=\"0\"><figure><img decoding=\"async\" class=\"wp-block-themeisle-blocks-slider-item\" src=\"http:\/\/nihon-go.net\/wp-content\/uploads\/2021\/07\/219781067_2728182957305444_1182655176134625963_n.jpg\" alt=\"\" title=\"\" data-id=\"362\"\/><\/figure><\/div><div class=\"wp-block-themeisle-blocks-slider-item-wrapper glide__slide\" tabindex=\"0\"><figure><img decoding=\"async\" class=\"wp-block-themeisle-blocks-slider-item\" src=\"http:\/\/nihon-go.net\/wp-content\/uploads\/2021\/07\/N-GO-7_30.06.2021_N78-1024x483.png\" alt=\"\" title=\"\" data-id=\"356\"\/><\/figure><\/div><div class=\"wp-block-themeisle-blocks-slider-item-wrapper glide__slide\" tabindex=\"0\"><figure><img decoding=\"async\" class=\"wp-block-themeisle-blocks-slider-item\" src=\"http:\/\/nihon-go.net\/wp-content\/uploads\/2021\/07\/asso-N8-origami-hato-1-1024x576.jpg\" alt=\"\" title=\"\" data-id=\"357\"\/><\/figure><\/div><div class=\"wp-block-themeisle-blocks-slider-item-wrapper glide__slide\" tabindex=\"0\"><figure><img decoding=\"async\" class=\"wp-block-themeisle-blocks-slider-item\" src=\"http:\/\/nihon-go.net\/wp-content\/uploads\/2021\/07\/222693015_2728183093972097_6730111557666284479_n.jpg\" alt=\"\" title=\"\" data-id=\"363\"\/><\/figure><\/div><\/div><div class=\"glide__bullets\" data-glide-el=\"controls[nav]\"><button class=\"glide__bullet\" data-glide-dir=\"=0\"><\/button><button class=\"glide__bullet\" data-glide-dir=\"=1\"><\/button><button class=\"glide__bullet\" data-glide-dir=\"=2\"><\/button><button class=\"glide__bullet\" data-glide-dir=\"=3\"><\/button><button class=\"glide__bullet\" data-glide-dir=\"=4\"><\/button><button class=\"glide__bullet\" data-glide-dir=\"=5\"><\/button><button class=\"glide__bullet\" data-glide-dir=\"=6\"><\/button><button class=\"glide__bullet\" data-glide-dir=\"=7\"><\/button><button class=\"glide__bullet\" data-glide-dir=\"=8\"><\/button><button class=\"glide__bullet\" data-glide-dir=\"=9\"><\/button><button class=\"glide__bullet\" data-glide-dir=\"=10\"><\/button><button class=\"glide__bullet\" data-glide-dir=\"=11\"><\/button><button class=\"glide__bullet\" data-glide-dir=\"=12\"><\/button><button class=\"glide__bullet\" data-glide-dir=\"=13\"><\/button><\/div><\/div><\/div>\n\n\n\n<div style=\"height:40px\" aria-hidden=\"true\" class=\"wp-block-spacer\"><\/div>\n<\/div>\n\n\n\n<div class=\"wp-block-column is-vertically-aligned-center is-layout-flow wp-block-column-is-layout-flow\" style=\"flex-basis:50%\">\n<div style=\"height:40px\" aria-hidden=\"true\" class=\"wp-block-spacer\"><\/div>\n<\/div>\n<\/div>\n\n\n\n<div style=\"height:40px\" aria-hidden=\"true\" class=\"wp-block-spacer\"><\/div>\n<\/div><\/div>\n<\/div><\/div>\n\n\n\n<div class=\"wp-block-cover alignfull has-nv-light-bg-background-color has-background-dim\" style=\"min-height:420px;aspect-ratio:unset;\"><div class=\"wp-block-cover__inner-container is-layout-flow wp-block-cover-is-layout-flow\">\n<div style=\"height:80px\" aria-hidden=\"true\" class=\"wp-block-spacer\"><\/div>\n\n\n\n<div class=\"wp-block-columns is-layout-flex wp-container-core-columns-is-layout-9d6595d7 wp-block-columns-is-layout-flex\">\n<div class=\"wp-block-column ticss-4ce656f1 is-layout-flow wp-block-column-is-layout-flow\">\n<figure class=\"wp-block-gallery columns-1 wp-block-gallery-2 is-layout-flex wp-block-gallery-is-layout-flex\"><ul class=\"blocks-gallery-grid\"><li class=\"blocks-gallery-item\"><figure><img loading=\"lazy\" decoding=\"async\" width=\"142\" height=\"142\" src=\"http:\/\/nihon-go.net\/wp-content\/uploads\/2021\/07\/portrait01.png\" alt=\"\" data-id=\"352\" data-full-url=\"http:\/\/nihon-go.net\/wp-content\/uploads\/2021\/07\/portrait01.png\" data-link=\"http:\/\/nihon-go.net\/?attachment_id=352\" class=\"wp-image-352\"\/><\/figure><\/li><\/ul><\/figure>\n\n\n\n<p class=\"has-text-align-left has-neve-text-color-color has-text-color has-normal-font-size\">\u201c L&rsquo;association Nihon-go m&rsquo;a permis d&rsquo;entretenir mon japonais depuis 10 ans \u201d<\/p>\n\n\n\n<p class=\"has-neve-text-color-color has-text-color\">Michel B<\/p>\n\n\n\n<div style=\"height:20px\" aria-hidden=\"true\" class=\"wp-block-spacer\"><\/div>\n<\/div>\n\n\n\n<div class=\"wp-block-column ticss-f6fc7494 is-layout-flow wp-block-column-is-layout-flow\">\n<figure class=\"wp-block-gallery columns-1 wp-block-gallery-3 is-layout-flex wp-block-gallery-is-layout-flex\"><ul class=\"blocks-gallery-grid\"><li class=\"blocks-gallery-item\"><figure><img loading=\"lazy\" decoding=\"async\" width=\"142\" height=\"142\" src=\"http:\/\/nihon-go.net\/wp-content\/uploads\/2021\/07\/portrait02.png\" alt=\"\" data-id=\"353\" data-full-url=\"http:\/\/nihon-go.net\/wp-content\/uploads\/2021\/07\/portrait02.png\" data-link=\"http:\/\/nihon-go.net\/?attachment_id=353\" class=\"wp-image-353\"\/><\/figure><\/li><\/ul><\/figure>\n\n\n\n<p class=\"has-text-align-left has-neve-text-color-color has-text-color has-normal-font-size\">\u201c L&rsquo;association a su s&rsquo;adapter \u00e0 mon niveau, nos professeurs sont extraordinaires \u201d<\/p>\n\n\n\n<p class=\"has-neve-text-color-color has-text-color\">Florent B<\/p>\n\n\n\n<div style=\"height:20px\" aria-hidden=\"true\" class=\"wp-block-spacer\"><\/div>\n<\/div>\n\n\n\n<div class=\"wp-block-column ticss-a5b4df29 is-layout-flow wp-block-column-is-layout-flow\">\n<div style=\"height:20px\" aria-hidden=\"true\" class=\"wp-block-spacer\"><\/div>\n<\/div>\n<\/div>\n\n\n\n<div style=\"height:30px\" aria-hidden=\"true\" class=\"wp-block-spacer\"><\/div>\n<\/div><\/div>\n\n\n\n<figure class=\"wp-block-image size-full\"><img loading=\"lazy\" decoding=\"async\" width=\"357\" height=\"357\" src=\"http:\/\/nihon-go.net\/wp-content\/uploads\/2021\/07\/1457574_234584956665269_638186976_n.png\" alt=\"\" class=\"wp-image-341\" srcset=\"http:\/\/nihon-go.net\/wp-content\/uploads\/2021\/07\/1457574_234584956665269_638186976_n.png 357w, http:\/\/nihon-go.net\/wp-content\/uploads\/2021\/07\/1457574_234584956665269_638186976_n-300x300.png 300w, http:\/\/nihon-go.net\/wp-content\/uploads\/2021\/07\/1457574_234584956665269_638186976_n-150x150.png 150w\" sizes=\"auto, (max-width: 357px) 100vw, 357px\" \/><\/figure>\n","protected":false},"excerpt":{"rendered":"<p>60h\/an \u00e0 un tarif tr\u00e8s abordable Un ensemble de 60 heures de cours de langue japonaise est dispens\u00e9 tout au long de l&rsquo;ann\u00e9e, \u00e0 raison de 2 heures par semaine le mercredi soir dans Paris. Nos professeurs japonais Les professeurs sont tous de nationalit\u00e9 japonaise et fortement exp\u00e9riment\u00e9s dans l&rsquo;enseignement du japonais en tant que&hellip;&nbsp;<a href=\"http:\/\/nihon-go.net\/\" class=\"\" rel=\"bookmark\">Lire la suite &raquo;<span class=\"screen-reader-text\">PRATIQUER ET APPROFONDIR<\/span><\/a><\/p>\n","protected":false},"author":1,"featured_media":0,"parent":0,"menu_order":0,"comment_status":"closed","ping_status":"closed","template":"","meta":{"neve_meta_sidebar":"default","neve_meta_container":"default","neve_meta_enable_content_width":"on","neve_meta_content_width":100,"neve_meta_title_alignment":"","neve_meta_author_avatar":"","neve_post_elements_order":"","neve_meta_disable_header":"","neve_meta_disable_footer":"","neve_meta_disable_title":"on","footnotes":""},"class_list":["post-5","page","type-page","status-publish","hentry"],"_links":{"self":[{"href":"http:\/\/nihon-go.net\/index.php?rest_route=\/wp\/v2\/pages\/5","targetHints":{"allow":["GET"]}}],"collection":[{"href":"http:\/\/nihon-go.net\/index.php?rest_route=\/wp\/v2\/pages"}],"about":[{"href":"http:\/\/nihon-go.net\/index.php?rest_route=\/wp\/v2\/types\/page"}],"author":[{"embeddable":true,"href":"http:\/\/nihon-go.net\/index.php?rest_route=\/wp\/v2\/users\/1"}],"replies":[{"embeddable":true,"href":"http:\/\/nihon-go.net\/index.php?rest_route=%2Fwp%2Fv2%2Fcomments&post=5"}],"version-history":[{"count":9,"href":"http:\/\/nihon-go.net\/index.php?rest_route=\/wp\/v2\/pages\/5\/revisions"}],"predecessor-version":[{"id":396,"href":"http:\/\/nihon-go.net\/index.php?rest_route=\/wp\/v2\/pages\/5\/revisions\/396"}],"wp:attachment":[{"href":"http:\/\/nihon-go.net\/index.php?rest_route=%2Fwp%2Fv2%2Fmedia&parent=5"}],"curies":[{"name":"wp","href":"https:\/\/api.w.org\/{rel}","templated":true}]}}