{"id":61,"date":"2020-01-23T18:21:52","date_gmt":"2020-01-23T18:21:52","guid":{"rendered":"https:\/\/demosites.io\/web-agency-gb\/?page_id=61"},"modified":"2021-07-27T16:31:01","modified_gmt":"2021-07-27T14:31:01","slug":"15c42-web-agency-gb-about-us","status":"publish","type":"page","link":"http:\/\/nihon-go.net\/?page_id=61","title":{"rendered":"Qui sommes nous ?"},"content":{"rendered":"\n<div class=\"wp-block-cover alignfull has-nv-light-bg-background-color has-background-dim\" style=\"min-height:600px;aspect-ratio:unset;\"><div class=\"wp-block-cover__inner-container is-layout-flow wp-block-cover-is-layout-flow\">\n<div class=\"wp-block-group\"><div class=\"wp-block-group__inner-container is-layout-flow wp-block-group-is-layout-flow\">\n<div style=\"height:80px\" aria-hidden=\"true\" class=\"wp-block-spacer\"><\/div>\n\n\n\n<div class=\"wp-block-columns are-vertically-aligned-center is-layout-flex wp-container-core-columns-is-layout-9d6595d7 wp-block-columns-is-layout-flex\">\n<div class=\"wp-block-column is-vertically-aligned-center is-layout-flow wp-block-column-is-layout-flow\" style=\"flex-basis:50%\">\n<figure class=\"wp-block-gallery columns-1 is-cropped wp-block-gallery-1 is-layout-flex wp-block-gallery-is-layout-flex\"><ul class=\"blocks-gallery-grid\"><li class=\"blocks-gallery-item\"><figure><img loading=\"lazy\" decoding=\"async\" width=\"960\" height=\"720\" src=\"http:\/\/nihon-go.net\/wp-content\/uploads\/2021\/07\/71793850_1278659968924424_2524312520794046464_n.jpg\" alt=\"\" data-id=\"328\" data-full-url=\"http:\/\/nihon-go.net\/wp-content\/uploads\/2021\/07\/71793850_1278659968924424_2524312520794046464_n.jpg\" data-link=\"http:\/\/nihon-go.net\/?attachment_id=328\" class=\"wp-image-328\" srcset=\"http:\/\/nihon-go.net\/wp-content\/uploads\/2021\/07\/71793850_1278659968924424_2524312520794046464_n.jpg 960w, http:\/\/nihon-go.net\/wp-content\/uploads\/2021\/07\/71793850_1278659968924424_2524312520794046464_n-300x225.jpg 300w, http:\/\/nihon-go.net\/wp-content\/uploads\/2021\/07\/71793850_1278659968924424_2524312520794046464_n-768x576.jpg 768w\" sizes=\"auto, (max-width: 960px) 100vw, 960px\" \/><figcaption class=\"blocks-gallery-item__caption\">\u00c9cole rue Corbon<\/figcaption><\/figure><\/li><\/ul><\/figure>\n<\/div>\n\n\n\n<div class=\"wp-block-column is-vertically-aligned-center is-layout-flow wp-block-column-is-layout-flow\" style=\"flex-basis:50%\">\n<h2 class=\"has-neve-text-color-color has-text-color wp-block-heading\">Depuis 2004<\/h2>\n\n\n\n<p class=\"has-neve-text-color-color has-text-color has-medium-font-size\">Nihon-Go est une association loi 1901 \u00e0 but non lucratif fond\u00e9e en 2004 et enregistr\u00e9e aupr\u00e8s de la pr\u00e9fecture de Paris. Elle est essentiellement compos\u00e9e d&rsquo;anciens \u00e9l\u00e8ves ayant achev\u00e9 le cycle des cours de japonais de la Mairie de Paris.<\/p>\n\n\n\n<p class=\"has-neve-text-color-color has-text-color\">Le but de notre association est poursuivre et entretenir notre niveau de japonais dans une structure p\u00e9dagogique et conviviale.<\/p>\n<\/div>\n<\/div>\n\n\n\n<div style=\"height:40px\" aria-hidden=\"true\" class=\"wp-block-spacer\"><\/div>\n<\/div><\/div>\n<\/div><\/div>\n\n\n\n<div class=\"wp-block-cover alignfull has-nv-dark-bg-background-color has-background-dim\" style=\"min-height:600px;aspect-ratio:unset;\"><div class=\"wp-block-cover__inner-container is-layout-flow wp-block-cover-is-layout-flow\">\n<div class=\"wp-block-group\"><div class=\"wp-block-group__inner-container is-layout-flow wp-block-group-is-layout-flow\">\n<div style=\"height:80px\" aria-hidden=\"true\" class=\"wp-block-spacer\"><\/div>\n\n\n\n<div class=\"wp-block-columns are-vertically-aligned-center is-layout-flex wp-container-core-columns-is-layout-9d6595d7 wp-block-columns-is-layout-flex\">\n<div class=\"wp-block-column is-vertically-aligned-center is-layout-flow wp-block-column-is-layout-flow\" style=\"flex-basis:50%\">\n<h2 class=\"has-nv-text-dark-bg-color has-text-color wp-block-heading\">UN TARIF ABORDABLE<\/h2>\n\n\n\n<p class=\"has-nv-text-dark-bg-color has-text-color\">Un ensemble de 60 heures de cours de langue japonaise est dispens\u00e9 tout au long de l&rsquo;ann\u00e9e, \u00e0 raison de 2 heures par semaine le mercredi soir dans Paris.<\/p>\n\n\n\n<div style=\"height:20px\" aria-hidden=\"true\" class=\"wp-block-spacer\"><\/div>\n\n\n\n<div class=\"wp-block-buttons is-layout-flex wp-block-buttons-is-layout-flex\">\n<div class=\"wp-block-button is-style-primary\"><a class=\"wp-block-button__link\" href=\"http:\/\/nihon-go.net\/?page_id=314\">PLUS D&rsquo;INFO<\/a><\/div>\n<\/div>\n\n\n\n<div style=\"height:20px\" aria-hidden=\"true\" class=\"wp-block-spacer\"><\/div>\n<\/div>\n\n\n\n<div class=\"wp-block-column is-vertically-aligned-center is-layout-flow wp-block-column-is-layout-flow\" style=\"flex-basis:50%\">\n<figure class=\"wp-block-gallery columns-1 is-cropped wp-block-gallery-2 is-layout-flex wp-block-gallery-is-layout-flex\"><ul class=\"blocks-gallery-grid\"><li class=\"blocks-gallery-item\"><figure><img loading=\"lazy\" decoding=\"async\" width=\"800\" height=\"600\" src=\"http:\/\/nihon-go.net\/wp-content\/uploads\/2021\/07\/2016-06-29-19.31.11.jpg\" alt=\"\" data-id=\"329\" data-full-url=\"http:\/\/nihon-go.net\/wp-content\/uploads\/2021\/07\/2016-06-29-19.31.11.jpg\" data-link=\"http:\/\/nihon-go.net\/?attachment_id=329\" class=\"wp-image-329\" srcset=\"http:\/\/nihon-go.net\/wp-content\/uploads\/2021\/07\/2016-06-29-19.31.11.jpg 800w, http:\/\/nihon-go.net\/wp-content\/uploads\/2021\/07\/2016-06-29-19.31.11-300x225.jpg 300w, http:\/\/nihon-go.net\/wp-content\/uploads\/2021\/07\/2016-06-29-19.31.11-768x576.jpg 768w\" sizes=\"auto, (max-width: 800px) 100vw, 800px\" \/><\/figure><\/li><\/ul><\/figure>\n<\/div>\n<\/div>\n\n\n\n<div style=\"height:40px\" aria-hidden=\"true\" class=\"wp-block-spacer\"><\/div>\n<\/div><\/div>\n<\/div><\/div>\n\n\n\n<div class=\"wp-block-cover alignfull has-nv-light-bg-background-color has-background-dim\" style=\"min-height:600px;aspect-ratio:unset;\"><div class=\"wp-block-cover__inner-container is-layout-flow wp-block-cover-is-layout-flow\">\n<div class=\"wp-block-group\"><div class=\"wp-block-group__inner-container is-layout-flow wp-block-group-is-layout-flow\">\n<div style=\"height:80px\" aria-hidden=\"true\" class=\"wp-block-spacer\"><\/div>\n\n\n\n<div class=\"wp-block-columns are-vertically-aligned-center is-layout-flex wp-container-core-columns-is-layout-9d6595d7 wp-block-columns-is-layout-flex\">\n<div class=\"wp-block-column is-vertically-aligned-center is-layout-flow wp-block-column-is-layout-flow\" style=\"flex-basis:50%\">\n<h2 class=\"has-neve-link-color-color has-text-color wp-block-heading\">News 2021-2022<\/h2>\n\n\n\n<p><span class=\"has-inline-color has-neve-text-color-color\">Nous pr\u00e9voyons cette ann\u00e9e encore de nous retrouver en pr\u00e9sentiel mais sommes d\u00e9pendant des r\u00e8gles sanitaires.<\/span><\/p>\n\n\n\n<p><span class=\"has-inline-color has-neve-text-color-color\">Nous nous adapterons encore pour passer nos cours en distanciel, si les conditions nous permettent pas de retrouver nos bancs d&rsquo;\u00e9cole. <\/span><\/p>\n\n\n\n<div style=\"height:20px\" aria-hidden=\"true\" class=\"wp-block-spacer\"><\/div>\n\n\n\n<div class=\"wp-block-buttons is-layout-flex wp-block-buttons-is-layout-flex\">\n<div class=\"wp-block-button is-style-primary\"><a class=\"wp-block-button__link\" href=\"http:\/\/nihon-go.net\/?page_id=314\">PLUS D&rsquo;INFO<\/a><\/div>\n<\/div>\n\n\n\n<div style=\"height:20px\" aria-hidden=\"true\" class=\"wp-block-spacer\"><\/div>\n<\/div>\n\n\n\n<div class=\"wp-block-column is-vertically-aligned-center is-layout-flow wp-block-column-is-layout-flow\" style=\"flex-basis:50%\">\n<div id=\"wp-block-themeisle-blocks-slider-bf72a630\" class=\"wp-block-themeisle-blocks-slider glide\" data-per-view=\"1\" data-gap=\"0\" data-peek=\"0\" data-autoplay=\"true\" data-height=\"400px\" data-hide-arrows=\"false\"><div class=\"glide__track\" data-glide-el=\"track\"><div class=\"glide__slides\"><div class=\"wp-block-themeisle-blocks-slider-item-wrapper glide__slide\" tabindex=\"0\"><figure><img decoding=\"async\" class=\"wp-block-themeisle-blocks-slider-item\" src=\"http:\/\/nihon-go.net\/wp-content\/uploads\/2021\/07\/asso-N8-origami-hato.jpg\" alt=\"\" title=\"\" data-id=\"73\"\/><\/figure><\/div><div class=\"wp-block-themeisle-blocks-slider-item-wrapper glide__slide\" tabindex=\"0\"><figure><img decoding=\"async\" class=\"wp-block-themeisle-blocks-slider-item\" src=\"http:\/\/nihon-go.net\/wp-content\/uploads\/2021\/07\/Screenshot11-01.png\" alt=\"\" title=\"\" data-id=\"77\"\/><\/figure><\/div><div class=\"wp-block-themeisle-blocks-slider-item-wrapper glide__slide\" tabindex=\"0\"><figure><img decoding=\"async\" class=\"wp-block-themeisle-blocks-slider-item\" src=\"http:\/\/nihon-go.net\/wp-content\/uploads\/2021\/07\/139393016_2247245385399206_1263716262890731153_n-1.jpg\" alt=\"\" title=\"\" data-id=\"358\"\/><\/figure><\/div><div class=\"wp-block-themeisle-blocks-slider-item-wrapper glide__slide\" tabindex=\"0\"><figure><img decoding=\"async\" class=\"wp-block-themeisle-blocks-slider-item\" src=\"http:\/\/nihon-go.net\/wp-content\/uploads\/2021\/07\/Screenshot5.png\" alt=\"\" title=\"\" data-id=\"76\"\/><\/figure><\/div><div class=\"wp-block-themeisle-blocks-slider-item-wrapper glide__slide\" tabindex=\"0\"><figure><img decoding=\"async\" class=\"wp-block-themeisle-blocks-slider-item\" src=\"http:\/\/nihon-go.net\/wp-content\/uploads\/2021\/07\/Screenshot3-1.png\" alt=\"\" title=\"\" data-id=\"74\"\/><\/figure><\/div><div class=\"wp-block-themeisle-blocks-slider-item-wrapper glide__slide\" tabindex=\"0\"><figure><img decoding=\"async\" class=\"wp-block-themeisle-blocks-slider-item\" src=\"http:\/\/nihon-go.net\/wp-content\/uploads\/2021\/07\/Screenshot5-01.png\" alt=\"\" title=\"\" data-id=\"75\"\/><\/figure><\/div><\/div><div class=\"glide__bullets\" data-glide-el=\"controls[nav]\"><button class=\"glide__bullet\" data-glide-dir=\"=0\"><\/button><button class=\"glide__bullet\" data-glide-dir=\"=1\"><\/button><button class=\"glide__bullet\" data-glide-dir=\"=2\"><\/button><button class=\"glide__bullet\" data-glide-dir=\"=3\"><\/button><button class=\"glide__bullet\" data-glide-dir=\"=4\"><\/button><button class=\"glide__bullet\" data-glide-dir=\"=5\"><\/button><\/div><\/div><\/div>\n<\/div>\n<\/div>\n\n\n\n<div style=\"height:40px\" aria-hidden=\"true\" class=\"wp-block-spacer\"><\/div>\n<\/div><\/div>\n<\/div><\/div>\n\n\n\n<p><\/p>\n","protected":false},"excerpt":{"rendered":"","protected":false},"author":1,"featured_media":0,"parent":0,"menu_order":0,"comment_status":"closed","ping_status":"closed","template":"","meta":{"neve_meta_sidebar":"default","neve_meta_container":"default","neve_meta_enable_content_width":"on","neve_meta_content_width":100,"neve_meta_title_alignment":"","neve_meta_author_avatar":"","neve_post_elements_order":"","neve_meta_disable_header":"","neve_meta_disable_footer":"","neve_meta_disable_title":"on","footnotes":""},"class_list":["post-61","page","type-page","status-publish","hentry"],"_links":{"self":[{"href":"http:\/\/nihon-go.net\/index.php?rest_route=\/wp\/v2\/pages\/61","targetHints":{"allow":["GET"]}}],"collection":[{"href":"http:\/\/nihon-go.net\/index.php?rest_route=\/wp\/v2\/pages"}],"about":[{"href":"http:\/\/nihon-go.net\/index.php?rest_route=\/wp\/v2\/types\/page"}],"author":[{"embeddable":true,"href":"http:\/\/nihon-go.net\/index.php?rest_route=\/wp\/v2\/users\/1"}],"replies":[{"embeddable":true,"href":"http:\/\/nihon-go.net\/index.php?rest_route=%2Fwp%2Fv2%2Fcomments&post=61"}],"version-history":[{"count":7,"href":"http:\/\/nihon-go.net\/index.php?rest_route=\/wp\/v2\/pages\/61\/revisions"}],"predecessor-version":[{"id":391,"href":"http:\/\/nihon-go.net\/index.php?rest_route=\/wp\/v2\/pages\/61\/revisions\/391"}],"wp:attachment":[{"href":"http:\/\/nihon-go.net\/index.php?rest_route=%2Fwp%2Fv2%2Fmedia&parent=61"}],"curies":[{"name":"wp","href":"https:\/\/api.w.org\/{rel}","templated":true}]}}